{"id":19,"date":"2025-11-08T05:41:16","date_gmt":"2025-11-08T04:41:16","guid":{"rendered":"http:\/\/heklafest.pl\/?page_id=19"},"modified":"2026-02-16T11:34:54","modified_gmt":"2026-02-16T10:34:54","slug":"wystawcy","status":"publish","type":"page","link":"https:\/\/heklafest.pl\/?page_id=19","title":{"rendered":"Wystawcy"},"content":{"rendered":"\n<p>Szukamy wystawc\u00f3w na nasze targi w\u0142\u00f3czki i r\u0119kodzie\u0142a.<\/p>\n\n\n\n<p>Chcesz by\u0107 naszym wystawc\u0105, napisz do nas: kontakt@heklafest.pl<\/p>\n\n\n\n<p class=\"has-text-align-center\"><strong>Nasi Wystawcy<\/strong><\/p>\n\n\n\n<figure class=\"wp-block-gallery has-nested-images columns-default wp-block-gallery-1 is-layout-flex wp-block-gallery-is-layout-flex\">\n<figure class=\"wp-block-image size-large\"><a href=\"http:\/\/www.agamotki.pl\"><img loading=\"lazy\" decoding=\"async\" width=\"381\" height=\"109\" data-id=\"91\" src=\"http:\/\/heklafest.pl\/wp-content\/uploads\/2025\/11\/logo2-1.png\" alt=\"\" class=\"wp-image-91\"\/><\/a><\/figure>\n\n\n\n<figure class=\"wp-block-image size-full\"><a href=\"https:\/\/www.facebook.com\/profile.php?id=100095490006370\"><img loading=\"lazy\" decoding=\"async\" width=\"900\" height=\"900\" data-id=\"129\" src=\"http:\/\/heklafest.pl\/wp-content\/uploads\/2026\/01\/363407885_10221557423037247_4847212377737974029_n.jpg\" alt=\"\" class=\"wp-image-129\" srcset=\"https:\/\/heklafest.pl\/wp-content\/uploads\/2026\/01\/363407885_10221557423037247_4847212377737974029_n.jpg 900w, https:\/\/heklafest.pl\/wp-content\/uploads\/2026\/01\/363407885_10221557423037247_4847212377737974029_n-300x300.jpg 300w, https:\/\/heklafest.pl\/wp-content\/uploads\/2026\/01\/363407885_10221557423037247_4847212377737974029_n-150x150.jpg 150w, https:\/\/heklafest.pl\/wp-content\/uploads\/2026\/01\/363407885_10221557423037247_4847212377737974029_n-768x768.jpg 768w, https:\/\/heklafest.pl\/wp-content\/uploads\/2026\/01\/363407885_10221557423037247_4847212377737974029_n-75x75.jpg 75w\" sizes=\"auto, (max-width: 900px) 100vw, 900px\" \/><\/a><\/figure>\n\n\n\n<figure class=\"wp-block-image size-large\"><a href=\"http:\/\/www.animotki.pl\"><img loading=\"lazy\" decoding=\"async\" width=\"326\" height=\"172\" data-id=\"90\" src=\"http:\/\/heklafest.pl\/wp-content\/uploads\/2025\/11\/logo-1.png\" alt=\"\" class=\"wp-image-90\"\/><\/a><\/figure>\n\n\n\n<figure class=\"wp-block-image size-full\"><a href=\"http:\/\/www.centrumwloczek.pl\"><img loading=\"lazy\" decoding=\"async\" width=\"700\" height=\"700\" data-id=\"136\" src=\"http:\/\/heklafest.pl\/wp-content\/uploads\/2026\/01\/logo_centrumwloczek-1.jpg\" alt=\"\" class=\"wp-image-136\" srcset=\"https:\/\/heklafest.pl\/wp-content\/uploads\/2026\/01\/logo_centrumwloczek-1.jpg 700w, https:\/\/heklafest.pl\/wp-content\/uploads\/2026\/01\/logo_centrumwloczek-1-300x300.jpg 300w, https:\/\/heklafest.pl\/wp-content\/uploads\/2026\/01\/logo_centrumwloczek-1-150x150.jpg 150w, https:\/\/heklafest.pl\/wp-content\/uploads\/2026\/01\/logo_centrumwloczek-1-75x75.jpg 75w\" sizes=\"auto, (max-width: 700px) 100vw, 700px\" \/><\/a><\/figure>\n\n\n\n<figure class=\"wp-block-image size-large\"><a href=\"https:\/\/www.instagram.com\/floralfiber_fusion\/\"><img loading=\"lazy\" decoding=\"async\" width=\"1024\" height=\"1024\" data-id=\"114\" src=\"http:\/\/heklafest.pl\/wp-content\/uploads\/2025\/12\/Logo-Floral-Fiber-Fusion-1-1024x1024.jpg\" alt=\"\" class=\"wp-image-114\" srcset=\"https:\/\/heklafest.pl\/wp-content\/uploads\/2025\/12\/Logo-Floral-Fiber-Fusion-1-1024x1024.jpg 1024w, https:\/\/heklafest.pl\/wp-content\/uploads\/2025\/12\/Logo-Floral-Fiber-Fusion-1-300x300.jpg 300w, https:\/\/heklafest.pl\/wp-content\/uploads\/2025\/12\/Logo-Floral-Fiber-Fusion-1-150x150.jpg 150w, https:\/\/heklafest.pl\/wp-content\/uploads\/2025\/12\/Logo-Floral-Fiber-Fusion-1-768x768.jpg 768w, https:\/\/heklafest.pl\/wp-content\/uploads\/2025\/12\/Logo-Floral-Fiber-Fusion-1-1140x1140.jpg 1140w, https:\/\/heklafest.pl\/wp-content\/uploads\/2025\/12\/Logo-Floral-Fiber-Fusion-1-75x75.jpg 75w, https:\/\/heklafest.pl\/wp-content\/uploads\/2025\/12\/Logo-Floral-Fiber-Fusion-1.jpg 1181w\" sizes=\"auto, (max-width: 1024px) 100vw, 1024px\" \/><\/a><\/figure>\n\n\n\n<figure class=\"wp-block-image size-full\"><a href=\"https:\/\/www.facebook.com\/p\/Halbanka-100057104514407\/?locale=pl_PL\"><img loading=\"lazy\" decoding=\"async\" width=\"1024\" height=\"492\" data-id=\"194\" src=\"http:\/\/heklafest.pl\/wp-content\/uploads\/2026\/02\/Halbanka_logo-03-1-1024x492-1.jpg\" alt=\"\" class=\"wp-image-194\" srcset=\"https:\/\/heklafest.pl\/wp-content\/uploads\/2026\/02\/Halbanka_logo-03-1-1024x492-1.jpg 1024w, https:\/\/heklafest.pl\/wp-content\/uploads\/2026\/02\/Halbanka_logo-03-1-1024x492-1-300x144.jpg 300w, https:\/\/heklafest.pl\/wp-content\/uploads\/2026\/02\/Halbanka_logo-03-1-1024x492-1-768x369.jpg 768w\" sizes=\"auto, (max-width: 1024px) 100vw, 1024px\" \/><\/a><\/figure>\n\n\n\n<figure class=\"wp-block-image size-full\"><a href=\"https:\/\/www.instagram.com\/kamoniart?igsh=MWR6YjNhZXdid3I1aw%3D%3D\"><img loading=\"lazy\" decoding=\"async\" width=\"300\" height=\"300\" data-id=\"99\" src=\"http:\/\/heklafest.pl\/wp-content\/uploads\/2025\/11\/Kamotki-Logo-Biale-tlo-PDF_page-0001-300x300-1.jpg\" alt=\"\" class=\"wp-image-99\" srcset=\"https:\/\/heklafest.pl\/wp-content\/uploads\/2025\/11\/Kamotki-Logo-Biale-tlo-PDF_page-0001-300x300-1.jpg 300w, https:\/\/heklafest.pl\/wp-content\/uploads\/2025\/11\/Kamotki-Logo-Biale-tlo-PDF_page-0001-300x300-1-150x150.jpg 150w, https:\/\/heklafest.pl\/wp-content\/uploads\/2025\/11\/Kamotki-Logo-Biale-tlo-PDF_page-0001-300x300-1-100x100.jpg 100w, https:\/\/heklafest.pl\/wp-content\/uploads\/2025\/11\/Kamotki-Logo-Biale-tlo-PDF_page-0001-300x300-1-75x75.jpg 75w\" sizes=\"auto, (max-width: 300px) 100vw, 300px\" \/><\/a><\/figure>\n\n\n\n<figure class=\"wp-block-image size-full\"><a href=\"https:\/\/www.facebook.com\/Lusia.knits\"><img loading=\"lazy\" decoding=\"async\" width=\"413\" height=\"413\" data-id=\"128\" src=\"http:\/\/heklafest.pl\/wp-content\/uploads\/2026\/01\/278671749_553806072969314_5033220800783304389_n.jpg\" alt=\"\" class=\"wp-image-128\" srcset=\"https:\/\/heklafest.pl\/wp-content\/uploads\/2026\/01\/278671749_553806072969314_5033220800783304389_n.jpg 413w, https:\/\/heklafest.pl\/wp-content\/uploads\/2026\/01\/278671749_553806072969314_5033220800783304389_n-300x300.jpg 300w, https:\/\/heklafest.pl\/wp-content\/uploads\/2026\/01\/278671749_553806072969314_5033220800783304389_n-150x150.jpg 150w, https:\/\/heklafest.pl\/wp-content\/uploads\/2026\/01\/278671749_553806072969314_5033220800783304389_n-75x75.jpg 75w\" sizes=\"auto, (max-width: 413px) 100vw, 413px\" \/><\/a><\/figure>\n\n\n\n<figure class=\"wp-block-image size-large\"><a href=\"https:\/\/miladruciarnia.pl\/\"><img loading=\"lazy\" decoding=\"async\" width=\"900\" height=\"659\" data-id=\"89\" src=\"http:\/\/heklafest.pl\/wp-content\/uploads\/2025\/11\/368043178_606612338326120_8334251944934693915_n-1.jpg\" alt=\"\" class=\"wp-image-89\"\/><\/a><\/figure>\n\n\n\n<figure class=\"wp-block-image size-large\"><a href=\"https:\/\/www.facebook.com\/p\/Mil-Szy-Motki-Ombre-100095780730359\/\"><img loading=\"lazy\" decoding=\"async\" width=\"1024\" height=\"654\" data-id=\"149\" src=\"http:\/\/heklafest.pl\/wp-content\/uploads\/2026\/02\/1000029332-1024x654.png\" alt=\"\" class=\"wp-image-149\" srcset=\"https:\/\/heklafest.pl\/wp-content\/uploads\/2026\/02\/1000029332-1024x654.png 1024w, https:\/\/heklafest.pl\/wp-content\/uploads\/2026\/02\/1000029332-300x192.png 300w, https:\/\/heklafest.pl\/wp-content\/uploads\/2026\/02\/1000029332-768x491.png 768w, https:\/\/heklafest.pl\/wp-content\/uploads\/2026\/02\/1000029332-1536x981.png 1536w, https:\/\/heklafest.pl\/wp-content\/uploads\/2026\/02\/1000029332-2048x1308.png 2048w, https:\/\/heklafest.pl\/wp-content\/uploads\/2026\/02\/1000029332-1140x728.png 1140w\" sizes=\"auto, (max-width: 1024px) 100vw, 1024px\" \/><\/a><\/figure>\n\n\n\n<figure class=\"wp-block-image size-full\"><a href=\"https:\/\/hotelmodus.pl\/\"><img loading=\"lazy\" decoding=\"async\" width=\"381\" height=\"132\" data-id=\"195\" src=\"http:\/\/heklafest.pl\/wp-content\/uploads\/2026\/02\/pobrane.png\" alt=\"\" class=\"wp-image-195\" srcset=\"https:\/\/heklafest.pl\/wp-content\/uploads\/2026\/02\/pobrane.png 381w, https:\/\/heklafest.pl\/wp-content\/uploads\/2026\/02\/pobrane-300x104.png 300w\" sizes=\"auto, (max-width: 381px) 100vw, 381px\" \/><\/a><\/figure>\n\n\n\n<figure class=\"wp-block-image size-full\"><a href=\"https:\/\/www.passionis.com.pl\/\"><img loading=\"lazy\" decoding=\"async\" width=\"500\" height=\"500\" data-id=\"127\" src=\"http:\/\/heklafest.pl\/wp-content\/uploads\/2026\/01\/passionis-logo-11.jpg\" alt=\"\" class=\"wp-image-127\" srcset=\"https:\/\/heklafest.pl\/wp-content\/uploads\/2026\/01\/passionis-logo-11.jpg 500w, https:\/\/heklafest.pl\/wp-content\/uploads\/2026\/01\/passionis-logo-11-300x300.jpg 300w, https:\/\/heklafest.pl\/wp-content\/uploads\/2026\/01\/passionis-logo-11-150x150.jpg 150w, https:\/\/heklafest.pl\/wp-content\/uploads\/2026\/01\/passionis-logo-11-75x75.jpg 75w\" sizes=\"auto, (max-width: 500px) 100vw, 500px\" \/><\/a><\/figure>\n\n\n\n<figure class=\"wp-block-image size-full\"><a href=\"https:\/\/podziergajmy.pl\/\"><img loading=\"lazy\" decoding=\"async\" width=\"300\" height=\"233\" data-id=\"196\" src=\"http:\/\/heklafest.pl\/wp-content\/uploads\/2026\/02\/logo-bez-tla.png\" alt=\"\" class=\"wp-image-196\"\/><\/a><\/figure>\n\n\n\n<figure class=\"wp-block-image size-large\"><a href=\"https:\/\/noiklawo.pl\/\"><img loading=\"lazy\" decoding=\"async\" width=\"813\" height=\"1024\" data-id=\"132\" src=\"http:\/\/heklafest.pl\/wp-content\/uploads\/2026\/01\/samaseuszyj-noiklawo-4-5-1-813x1024.png\" alt=\"\" class=\"wp-image-132\" srcset=\"https:\/\/heklafest.pl\/wp-content\/uploads\/2026\/01\/samaseuszyj-noiklawo-4-5-1-813x1024.png 813w, https:\/\/heklafest.pl\/wp-content\/uploads\/2026\/01\/samaseuszyj-noiklawo-4-5-1-238x300.png 238w, https:\/\/heklafest.pl\/wp-content\/uploads\/2026\/01\/samaseuszyj-noiklawo-4-5-1-768x967.png 768w, https:\/\/heklafest.pl\/wp-content\/uploads\/2026\/01\/samaseuszyj-noiklawo-4-5-1.png 1080w\" sizes=\"auto, (max-width: 813px) 100vw, 813px\" \/><\/a><\/figure>\n\n\n\n<figure class=\"wp-block-image size-full\"><a href=\"https:\/\/www.stemplekreatywne.pl\/\"><img loading=\"lazy\" decoding=\"async\" width=\"816\" height=\"803\" data-id=\"197\" src=\"http:\/\/heklafest.pl\/wp-content\/uploads\/2026\/02\/logo-STEMPLE-KREATYWNE.png\" alt=\"\" class=\"wp-image-197\" srcset=\"https:\/\/heklafest.pl\/wp-content\/uploads\/2026\/02\/logo-STEMPLE-KREATYWNE.png 816w, https:\/\/heklafest.pl\/wp-content\/uploads\/2026\/02\/logo-STEMPLE-KREATYWNE-300x295.png 300w, https:\/\/heklafest.pl\/wp-content\/uploads\/2026\/02\/logo-STEMPLE-KREATYWNE-768x756.png 768w, https:\/\/heklafest.pl\/wp-content\/uploads\/2026\/02\/logo-STEMPLE-KREATYWNE-75x75.png 75w\" sizes=\"auto, (max-width: 816px) 100vw, 816px\" \/><\/a><\/figure>\n\n\n\n<figure class=\"wp-block-image size-full\"><a href=\"https:\/\/www.facebook.com\/profile.php?id=61579225150381\"><img loading=\"lazy\" decoding=\"async\" width=\"292\" height=\"279\" data-id=\"119\" src=\"http:\/\/heklafest.pl\/wp-content\/uploads\/2026\/01\/logo-the-knitting-cruise.jpg\" alt=\"\" class=\"wp-image-119\"\/><\/a><\/figure>\n\n\n\n<figure class=\"wp-block-image size-full\"><a href=\"https:\/\/www.tulinkimotki.pl\/\"><img loading=\"lazy\" decoding=\"async\" width=\"701\" height=\"603\" data-id=\"131\" src=\"http:\/\/heklafest.pl\/wp-content\/uploads\/2026\/01\/logo-2.png\" alt=\"\" class=\"wp-image-131\" srcset=\"https:\/\/heklafest.pl\/wp-content\/uploads\/2026\/01\/logo-2.png 701w, https:\/\/heklafest.pl\/wp-content\/uploads\/2026\/01\/logo-2-300x258.png 300w\" sizes=\"auto, (max-width: 701px) 100vw, 701px\" \/><\/a><\/figure>\n\n\n\n<figure class=\"wp-block-image size-large\"><a href=\"https:\/\/www.facebook.com\/p\/TymkoNana-100063567847577\/\"><img loading=\"lazy\" decoding=\"async\" width=\"1024\" height=\"1024\" data-id=\"211\" src=\"http:\/\/heklafest.pl\/wp-content\/uploads\/2026\/02\/537679018_1360660662729516_1107830671497327065_n.jpg\" alt=\"\" class=\"wp-image-211\" srcset=\"https:\/\/heklafest.pl\/wp-content\/uploads\/2026\/02\/537679018_1360660662729516_1107830671497327065_n.jpg 1024w, https:\/\/heklafest.pl\/wp-content\/uploads\/2026\/02\/537679018_1360660662729516_1107830671497327065_n-300x300.jpg 300w, https:\/\/heklafest.pl\/wp-content\/uploads\/2026\/02\/537679018_1360660662729516_1107830671497327065_n-150x150.jpg 150w, https:\/\/heklafest.pl\/wp-content\/uploads\/2026\/02\/537679018_1360660662729516_1107830671497327065_n-768x768.jpg 768w, https:\/\/heklafest.pl\/wp-content\/uploads\/2026\/02\/537679018_1360660662729516_1107830671497327065_n-75x75.jpg 75w\" sizes=\"auto, (max-width: 1024px) 100vw, 1024px\" \/><\/a><\/figure>\n\n\n\n<figure class=\"wp-block-image size-large\"><a href=\"https:\/\/www.facebook.com\/100063557889422\/mentions\/\"><img loading=\"lazy\" decoding=\"async\" width=\"224\" height=\"225\" data-id=\"202\" src=\"http:\/\/heklafest.pl\/wp-content\/uploads\/2026\/02\/images-1.png\" alt=\"\" class=\"wp-image-202\" srcset=\"https:\/\/heklafest.pl\/wp-content\/uploads\/2026\/02\/images-1.png 224w, https:\/\/heklafest.pl\/wp-content\/uploads\/2026\/02\/images-1-150x150.png 150w, https:\/\/heklafest.pl\/wp-content\/uploads\/2026\/02\/images-1-75x75.png 75w\" sizes=\"auto, (max-width: 224px) 100vw, 224px\" \/><\/a><\/figure>\n\n\n\n<figure class=\"wp-block-image size-large\"><a href=\"https:\/\/yarnwithlove.pl\/\"><img loading=\"lazy\" decoding=\"async\" width=\"1024\" height=\"239\" data-id=\"204\" src=\"http:\/\/heklafest.pl\/wp-content\/uploads\/2026\/02\/cropped-cropped-logo-fb-5-1024x239.png\" alt=\"\" class=\"wp-image-204\" srcset=\"https:\/\/heklafest.pl\/wp-content\/uploads\/2026\/02\/cropped-cropped-logo-fb-5-1024x239.png 1024w, https:\/\/heklafest.pl\/wp-content\/uploads\/2026\/02\/cropped-cropped-logo-fb-5-300x70.png 300w, https:\/\/heklafest.pl\/wp-content\/uploads\/2026\/02\/cropped-cropped-logo-fb-5-768x179.png 768w, https:\/\/heklafest.pl\/wp-content\/uploads\/2026\/02\/cropped-cropped-logo-fb-5-1536x359.png 1536w, https:\/\/heklafest.pl\/wp-content\/uploads\/2026\/02\/cropped-cropped-logo-fb-5-1140x266.png 1140w, https:\/\/heklafest.pl\/wp-content\/uploads\/2026\/02\/cropped-cropped-logo-fb-5.png 1623w\" sizes=\"auto, (max-width: 1024px) 100vw, 1024px\" \/><\/a><\/figure>\n\n\n\n<figure class=\"wp-block-image size-full\"><a href=\"http:\/\/www.wloczkotki.pl\"><img loading=\"lazy\" decoding=\"async\" width=\"472\" height=\"472\" data-id=\"135\" src=\"http:\/\/heklafest.pl\/wp-content\/uploads\/2026\/01\/logo-zielone-bez-tla.png\" alt=\"\" class=\"wp-image-135\" srcset=\"https:\/\/heklafest.pl\/wp-content\/uploads\/2026\/01\/logo-zielone-bez-tla.png 472w, https:\/\/heklafest.pl\/wp-content\/uploads\/2026\/01\/logo-zielone-bez-tla-300x300.png 300w, https:\/\/heklafest.pl\/wp-content\/uploads\/2026\/01\/logo-zielone-bez-tla-150x150.png 150w, https:\/\/heklafest.pl\/wp-content\/uploads\/2026\/01\/logo-zielone-bez-tla-75x75.png 75w\" sizes=\"auto, (max-width: 472px) 100vw, 472px\" \/><\/a><\/figure>\n\n\n\n<figure class=\"wp-block-image size-full\"><a href=\"https:\/\/www.facebook.com\/p\/WM-ceramika-100066662719821\/\"><img loading=\"lazy\" decoding=\"async\" width=\"225\" height=\"225\" data-id=\"130\" src=\"http:\/\/heklafest.pl\/wp-content\/uploads\/2026\/01\/images-2.png\" alt=\"\" class=\"wp-image-130\" srcset=\"https:\/\/heklafest.pl\/wp-content\/uploads\/2026\/01\/images-2.png 225w, https:\/\/heklafest.pl\/wp-content\/uploads\/2026\/01\/images-2-150x150.png 150w, https:\/\/heklafest.pl\/wp-content\/uploads\/2026\/01\/images-2-75x75.png 75w\" sizes=\"auto, (max-width: 225px) 100vw, 225px\" \/><\/a><\/figure>\n<\/figure>\n\n\n\n<p><\/p>\n","protected":false},"excerpt":{"rendered":"<p>Szukamy wystawc\u00f3w na nasze targi w\u0142\u00f3czki i r\u0119kodzie\u0142a. Chcesz by\u0107 naszym wystawc\u0105, napisz do nas: kontakt@heklafest.pl Nasi Wystawcy<\/p>\n","protected":false},"author":1,"featured_media":0,"parent":0,"menu_order":0,"comment_status":"closed","ping_status":"closed","template":"","meta":{"footnotes":""},"class_list":["post-19","page","type-page","status-publish","hentry"],"_links":{"self":[{"href":"https:\/\/heklafest.pl\/index.php?rest_route=\/wp\/v2\/pages\/19","targetHints":{"allow":["GET"]}}],"collection":[{"href":"https:\/\/heklafest.pl\/index.php?rest_route=\/wp\/v2\/pages"}],"about":[{"href":"https:\/\/heklafest.pl\/index.php?rest_route=\/wp\/v2\/types\/page"}],"author":[{"embeddable":true,"href":"https:\/\/heklafest.pl\/index.php?rest_route=\/wp\/v2\/users\/1"}],"replies":[{"embeddable":true,"href":"https:\/\/heklafest.pl\/index.php?rest_route=%2Fwp%2Fv2%2Fcomments&post=19"}],"version-history":[{"count":24,"href":"https:\/\/heklafest.pl\/index.php?rest_route=\/wp\/v2\/pages\/19\/revisions"}],"predecessor-version":[{"id":212,"href":"https:\/\/heklafest.pl\/index.php?rest_route=\/wp\/v2\/pages\/19\/revisions\/212"}],"wp:attachment":[{"href":"https:\/\/heklafest.pl\/index.php?rest_route=%2Fwp%2Fv2%2Fmedia&parent=19"}],"curies":[{"name":"wp","href":"https:\/\/api.w.org\/{rel}","templated":true}]}}