{"id":18,"date":"2025-11-08T05:41:16","date_gmt":"2025-11-08T04:41:16","guid":{"rendered":"http:\/\/heklafest.pl\/?page_id=18"},"modified":"2026-02-28T10:23:40","modified_gmt":"2026-02-28T09:23:40","slug":"warsztaty","status":"publish","type":"page","link":"https:\/\/heklafest.pl\/?page_id=18","title":{"rendered":"Warsztaty"},"content":{"rendered":"\n<p>Warsztaty w ramach fina\u0142owego eventu, zapisy ju\u017c 2.03!<\/p>\n\n\n\n<p>Udzia\u0142 w nich jest bezp\u0142atny, a materia\u0142y zapewniane s\u0105 przez organizator\u00f3w.<\/p>\n\n\n\n<figure class=\"wp-block-gallery has-nested-images columns-default is-cropped wp-block-gallery-1 is-layout-flex wp-block-gallery-is-layout-flex\">\n<figure class=\"wp-block-image size-large\"><a href=\"https:\/\/heklafest.pl\/?page_id=177\"><img loading=\"lazy\" decoding=\"async\" width=\"940\" height=\"788\" data-id=\"140\" src=\"http:\/\/heklafest.pl\/wp-content\/uploads\/2026\/01\/targi-wloczki-i-rekodziela-4.png\" alt=\"\" class=\"wp-image-140\" srcset=\"https:\/\/heklafest.pl\/wp-content\/uploads\/2026\/01\/targi-wloczki-i-rekodziela-4.png 940w, https:\/\/heklafest.pl\/wp-content\/uploads\/2026\/01\/targi-wloczki-i-rekodziela-4-300x251.png 300w, https:\/\/heklafest.pl\/wp-content\/uploads\/2026\/01\/targi-wloczki-i-rekodziela-4-768x644.png 768w\" sizes=\"auto, (max-width: 940px) 100vw, 940px\" \/><\/a><\/figure>\n<\/figure>\n\n\n\n<figure class=\"wp-block-gallery has-nested-images columns-default is-cropped wp-block-gallery-2 is-layout-flex wp-block-gallery-is-layout-flex\">\n<figure class=\"wp-block-image size-large\"><a href=\"https:\/\/heklafest.pl\/?page_id=175\"><img loading=\"lazy\" decoding=\"async\" width=\"940\" height=\"788\" data-id=\"144\" src=\"http:\/\/heklafest.pl\/wp-content\/uploads\/2026\/01\/targi-wloczki-i-rekodziela-6.png\" alt=\"\" class=\"wp-image-144\" srcset=\"https:\/\/heklafest.pl\/wp-content\/uploads\/2026\/01\/targi-wloczki-i-rekodziela-6.png 940w, https:\/\/heklafest.pl\/wp-content\/uploads\/2026\/01\/targi-wloczki-i-rekodziela-6-300x251.png 300w, https:\/\/heklafest.pl\/wp-content\/uploads\/2026\/01\/targi-wloczki-i-rekodziela-6-768x644.png 768w\" sizes=\"auto, (max-width: 940px) 100vw, 940px\" \/><\/a><\/figure>\n<\/figure>\n\n\n\n<figure class=\"wp-block-gallery has-nested-images columns-default is-cropped wp-block-gallery-3 is-layout-flex wp-block-gallery-is-layout-flex\">\n<figure class=\"wp-block-image size-large\"><a href=\"https:\/\/heklafest.pl\/?page_id=181\"><img loading=\"lazy\" decoding=\"async\" width=\"940\" height=\"788\" data-id=\"146\" src=\"http:\/\/heklafest.pl\/wp-content\/uploads\/2026\/01\/targi-wloczki-i-rekodziela-7.png\" alt=\"\" class=\"wp-image-146\" srcset=\"https:\/\/heklafest.pl\/wp-content\/uploads\/2026\/01\/targi-wloczki-i-rekodziela-7.png 940w, https:\/\/heklafest.pl\/wp-content\/uploads\/2026\/01\/targi-wloczki-i-rekodziela-7-300x251.png 300w, https:\/\/heklafest.pl\/wp-content\/uploads\/2026\/01\/targi-wloczki-i-rekodziela-7-768x644.png 768w\" sizes=\"auto, (max-width: 940px) 100vw, 940px\" \/><\/a><\/figure>\n<\/figure>\n\n\n\n<figure class=\"wp-block-image size-full\"><a href=\"http:\/\/heklafest.pl\/?page_id=224\"><img loading=\"lazy\" decoding=\"async\" width=\"940\" height=\"788\" src=\"http:\/\/heklafest.pl\/wp-content\/uploads\/2026\/02\/targi-wloczki-i-rekodziela.png\" alt=\"\" class=\"wp-image-233\" srcset=\"https:\/\/heklafest.pl\/wp-content\/uploads\/2026\/02\/targi-wloczki-i-rekodziela.png 940w, https:\/\/heklafest.pl\/wp-content\/uploads\/2026\/02\/targi-wloczki-i-rekodziela-300x251.png 300w, https:\/\/heklafest.pl\/wp-content\/uploads\/2026\/02\/targi-wloczki-i-rekodziela-768x644.png 768w\" sizes=\"auto, (max-width: 940px) 100vw, 940px\" \/><\/a><\/figure>\n\n\n\n<figure class=\"wp-block-image size-full\"><a href=\"http:\/\/heklafest.pl\/?page_id=184\"><img loading=\"lazy\" decoding=\"async\" width=\"940\" height=\"788\" src=\"http:\/\/heklafest.pl\/wp-content\/uploads\/2026\/02\/targi-wloczki-i-rekodziela-1.png\" alt=\"\" class=\"wp-image-236\" srcset=\"https:\/\/heklafest.pl\/wp-content\/uploads\/2026\/02\/targi-wloczki-i-rekodziela-1.png 940w, https:\/\/heklafest.pl\/wp-content\/uploads\/2026\/02\/targi-wloczki-i-rekodziela-1-300x251.png 300w, https:\/\/heklafest.pl\/wp-content\/uploads\/2026\/02\/targi-wloczki-i-rekodziela-1-768x644.png 768w\" sizes=\"auto, (max-width: 940px) 100vw, 940px\" \/><\/a><\/figure>\n\n\n\n<figure class=\"wp-block-image size-full\"><a href=\"http:\/\/heklafest.pl\/?page_id=245\"><img loading=\"lazy\" decoding=\"async\" width=\"940\" height=\"788\" src=\"http:\/\/heklafest.pl\/wp-content\/uploads\/2026\/02\/targi-wloczki-i-rekodziela-2.png\" alt=\"\" class=\"wp-image-239\" srcset=\"https:\/\/heklafest.pl\/wp-content\/uploads\/2026\/02\/targi-wloczki-i-rekodziela-2.png 940w, https:\/\/heklafest.pl\/wp-content\/uploads\/2026\/02\/targi-wloczki-i-rekodziela-2-300x251.png 300w, https:\/\/heklafest.pl\/wp-content\/uploads\/2026\/02\/targi-wloczki-i-rekodziela-2-768x644.png 768w\" sizes=\"auto, (max-width: 940px) 100vw, 940px\" \/><\/a><\/figure>\n","protected":false},"excerpt":{"rendered":"<p>Warsztaty w ramach fina\u0142owego eventu, zapisy ju\u017c 2.03! Udzia\u0142 w nich jest bezp\u0142atny, a materia\u0142y zapewniane s\u0105 przez organizator\u00f3w.<\/p>\n","protected":false},"author":1,"featured_media":0,"parent":0,"menu_order":0,"comment_status":"closed","ping_status":"closed","template":"","meta":{"footnotes":""},"class_list":["post-18","page","type-page","status-publish","hentry"],"_links":{"self":[{"href":"https:\/\/heklafest.pl\/index.php?rest_route=\/wp\/v2\/pages\/18","targetHints":{"allow":["GET"]}}],"collection":[{"href":"https:\/\/heklafest.pl\/index.php?rest_route=\/wp\/v2\/pages"}],"about":[{"href":"https:\/\/heklafest.pl\/index.php?rest_route=\/wp\/v2\/types\/page"}],"author":[{"embeddable":true,"href":"https:\/\/heklafest.pl\/index.php?rest_route=\/wp\/v2\/users\/1"}],"replies":[{"embeddable":true,"href":"https:\/\/heklafest.pl\/index.php?rest_route=%2Fwp%2Fv2%2Fcomments&post=18"}],"version-history":[{"count":15,"href":"https:\/\/heklafest.pl\/index.php?rest_route=\/wp\/v2\/pages\/18\/revisions"}],"predecessor-version":[{"id":262,"href":"https:\/\/heklafest.pl\/index.php?rest_route=\/wp\/v2\/pages\/18\/revisions\/262"}],"wp:attachment":[{"href":"https:\/\/heklafest.pl\/index.php?rest_route=%2Fwp%2Fv2%2Fmedia&parent=18"}],"curies":[{"name":"wp","href":"https:\/\/api.w.org\/{rel}","templated":true}]}}