{"id":177,"date":"2026-02-28T10:16:50","date_gmt":"2026-02-28T09:16:50","guid":{"rendered":"http:\/\/heklafest.pl\/?page_id=177"},"modified":"2026-03-02T08:59:47","modified_gmt":"2026-03-02T07:59:47","slug":"zakardowe-ocieplacze-na-nadgarstki","status":"publish","type":"page","link":"https:\/\/heklafest.pl\/?page_id=177","title":{"rendered":"\u017bakardowe ocieplacze na nadgarstki"},"content":{"rendered":"\n<p>21 marca 2026, Hala MOSiR, godz. 12:30<\/p>\n\n\n\n<figure class=\"wp-block-image size-full\"><img loading=\"lazy\" decoding=\"async\" width=\"940\" height=\"788\" src=\"http:\/\/heklafest.pl\/wp-content\/uploads\/2026\/01\/targi-wloczki-i-rekodziela-4.png\" alt=\"\" class=\"wp-image-140\" srcset=\"https:\/\/heklafest.pl\/wp-content\/uploads\/2026\/01\/targi-wloczki-i-rekodziela-4.png 940w, https:\/\/heklafest.pl\/wp-content\/uploads\/2026\/01\/targi-wloczki-i-rekodziela-4-300x251.png 300w, https:\/\/heklafest.pl\/wp-content\/uploads\/2026\/01\/targi-wloczki-i-rekodziela-4-768x644.png 768w\" sizes=\"auto, (max-width: 940px) 100vw, 940px\" \/><\/figure>\n\n\n\n<p>\u017bakardowe ocieplacze na nadgarstki. <\/p>\n\n\n\n<p>Nauka wykonania \u017cakardu na drutach:<\/p>\n\n\n\n<p> jak trzyma\u0107 nitki, <\/p>\n\n\n\n<p>przerabia\u0107 je, <\/p>\n\n\n\n<p>zawija\u0107, <\/p>\n\n\n\n<p>w jaki spos\u00f3b dobiera\u0107 kolory do \u017cakardu. <\/p>\n\n\n\n<p><strong>Dla kogo:<\/strong><\/p>\n\n\n\n<p>Warsztaty przeznaczone dla os\u00f3b doros\u0142ych, pocz\u0105tkuj\u0105cych oraz \u015brednio zaawansowanych.<\/p>\n\n\n\n<p><strong>Materia\u0142y:<\/strong>&nbsp;uczestnicy proszeni s\u0105 o zabranie drut\u00f3w w rozmiarze 3,5 oraz 4 na d\u0142u\u017cszej \u017cy\u0142ce (80 cm) do pracy Magic Loopem, ig\u0142y do zamykania oczek.. W\u0142\u00f3czka i wz\u00f3r s\u0105 zapewnione. <\/p>\n\n\n\n<p>Ilo\u015b\u0107 miejsc: 10<\/p>\n\n\n<noscript class=\"ninja-forms-noscript-message\">\n\tNotice: JavaScript is required for this content.<\/noscript>\n<p>Osi\u0105gni\u0119to limit uczestnik\u00f3w warsztat\u00f3w<\/p>","protected":false},"excerpt":{"rendered":"<p>21 marca 2026, Hala MOSiR, godz. 12:30 \u017bakardowe ocieplacze na nadgarstki. Nauka wykonania \u017cakardu na drutach: jak trzyma\u0107 nitki, przerabia\u0107 je, zawija\u0107, w jaki spos\u00f3b dobiera\u0107 kolory do \u017cakardu. Dla kogo: Warsztaty przeznaczone dla os\u00f3b doros\u0142ych, pocz\u0105tkuj\u0105cych oraz \u015brednio zaawansowanych. Materia\u0142y:&nbsp;uczestnicy proszeni s\u0105 o zabranie drut\u00f3w w rozmiarze 3,5 oraz 4 na d\u0142u\u017cszej \u017cy\u0142ce (80 cm) do pracy Magic Loopem, ig\u0142y do zamykania oczek.. W\u0142\u00f3czka i wz\u00f3r s\u0105 zapewnione. Ilo\u015b\u0107 miejsc: 10<\/p>\n","protected":false},"author":1,"featured_media":0,"parent":0,"menu_order":0,"comment_status":"closed","ping_status":"closed","template":"","meta":{"footnotes":""},"class_list":["post-177","page","type-page","status-publish","hentry"],"_links":{"self":[{"href":"https:\/\/heklafest.pl\/index.php?rest_route=\/wp\/v2\/pages\/177","targetHints":{"allow":["GET"]}}],"collection":[{"href":"https:\/\/heklafest.pl\/index.php?rest_route=\/wp\/v2\/pages"}],"about":[{"href":"https:\/\/heklafest.pl\/index.php?rest_route=\/wp\/v2\/types\/page"}],"author":[{"embeddable":true,"href":"https:\/\/heklafest.pl\/index.php?rest_route=\/wp\/v2\/users\/1"}],"replies":[{"embeddable":true,"href":"https:\/\/heklafest.pl\/index.php?rest_route=%2Fwp%2Fv2%2Fcomments&post=177"}],"version-history":[{"count":6,"href":"https:\/\/heklafest.pl\/index.php?rest_route=\/wp\/v2\/pages\/177\/revisions"}],"predecessor-version":[{"id":274,"href":"https:\/\/heklafest.pl\/index.php?rest_route=\/wp\/v2\/pages\/177\/revisions\/274"}],"wp:attachment":[{"href":"https:\/\/heklafest.pl\/index.php?rest_route=%2Fwp%2Fv2%2Fmedia&parent=177"}],"curies":[{"name":"wp","href":"https:\/\/api.w.org\/{rel}","templated":true}]}}