{"id":175,"date":"2026-02-28T10:15:09","date_gmt":"2026-02-28T09:15:09","guid":{"rendered":"http:\/\/heklafest.pl\/?page_id=175"},"modified":"2026-03-02T09:00:02","modified_gmt":"2026-03-02T08:00:02","slug":"zakrec-sie-w-mandale-tajemnice-splotow","status":"publish","type":"page","link":"https:\/\/heklafest.pl\/?page_id=175","title":{"rendered":"\u201eZakr\u0119\u0107 si\u0119 w Mandal\u0119 &#8211; tajemnice splot\u00f3w\u201d"},"content":{"rendered":"\n<p>21 marca 2026, Hala MOSiR, godz. 10:00<\/p>\n\n\n\n<p>Marzysz o tym, aby si\u0119ga\u0107 po wymarzone wzory bez obaw, \u017ce sobie nie poradzisz?<br>B\u0142\u0105dzisz? Prujesz? Nie mo\u017cesz odnale\u017a\u0107 si\u0119 w rob\u00f3tce? Nie wiesz jak wykona\u0107 trudniejsze sploty?<br>Ju\u017c dzi\u015b zapisz si\u0119 na moje warsztaty z szyde\u0142kowania ze zrozumieniem:&nbsp;<\/p>\n\n\n\n<figure class=\"wp-block-image size-large\"><img loading=\"lazy\" decoding=\"async\" width=\"1024\" height=\"724\" src=\"http:\/\/heklafest.pl\/wp-content\/uploads\/2026\/02\/\u201eZakrec-sie-w-Mandale-tajemnice-splotow-2-1024x724.png\" alt=\"\" class=\"wp-image-241\" srcset=\"https:\/\/heklafest.pl\/wp-content\/uploads\/2026\/02\/\u201eZakrec-sie-w-Mandale-tajemnice-splotow-2-1024x724.png 1024w, https:\/\/heklafest.pl\/wp-content\/uploads\/2026\/02\/\u201eZakrec-sie-w-Mandale-tajemnice-splotow-2-300x212.png 300w, https:\/\/heklafest.pl\/wp-content\/uploads\/2026\/02\/\u201eZakrec-sie-w-Mandale-tajemnice-splotow-2-768x543.png 768w, https:\/\/heklafest.pl\/wp-content\/uploads\/2026\/02\/\u201eZakrec-sie-w-Mandale-tajemnice-splotow-2-1536x1086.png 1536w, https:\/\/heklafest.pl\/wp-content\/uploads\/2026\/02\/\u201eZakrec-sie-w-Mandale-tajemnice-splotow-2-1140x806.png 1140w, https:\/\/heklafest.pl\/wp-content\/uploads\/2026\/02\/\u201eZakrec-sie-w-Mandale-tajemnice-splotow-2.png 2000w\" sizes=\"auto, (max-width: 1024px) 100vw, 1024px\" \/><\/figure>\n\n\n\n<p><strong>\u201eZakr\u0119\u0107 si\u0119 w Mandal\u0119 &#8211; tajemnice splot\u00f3w\u201d,<\/strong><\/p>\n\n\n\n<p>&nbsp;a zobaczysz, o ile prostsze i milsze mog\u0105 by\u0107 chwile sp\u0119dzone przy szyde\u0142ku.<\/p>\n\n\n\n<p>Podczas dwugodzinnych warsztat\u00f3w nauczysz si\u0119:<\/p>\n\n\n\n<p>\u2013 szyde\u0142kowa\u0107 ze zrozumieniem,<br>\u2013 czyta\u0107 schematy graficzne i dzierga\u0107 w okr\u0105\u017ceniach,<br>\u2013 rozpoczynania, zamykania i przechodzenia oczkami \u015bcis\u0142ymi,<br>\u2013 orientacji \u015bcieg\u00f3w we wzorze i rob\u00f3tce,<br>\u2013 unikania b\u0142\u0119d\u00f3w i zb\u0119dnego prucia, &nbsp;<br>\u2013 praktycznych rozwi\u0105za\u0144 i technik szyde\u0142kowania,<br>\u2013 podzia\u0142u \u015bcieg\u00f3w i graficznych symboli szyde\u0142kowych,<br>\u2013 anatomii \u015bcieg\u00f3w<br>\u2013 doboru szyde\u0142ka i w\u0142\u00f3czki do projektu,<br>\u2013 poprawnego napi\u0119cia w\u0142\u00f3czki,<br>\u2013 blokowania rob\u00f3tki.<\/p>\n\n\n\n<p>&nbsp;A wszystko to przy akompaniamencie wzoru na pi\u0119kn\u0105 mandal\u0119, kt\u00f3r\u0105 wykonamy razem.<\/p>\n\n\n\n<p>Jednym s\u0142owem przeprowadz\u0119 Ci\u0119 za r\u0119k\u0119 przez mglisty i niezrozumia\u0142y \u015bwiat \u015bcieg\u00f3w i wzor\u00f3w.<\/p>\n\n\n\n<p>Z moj\u0105 pomoc\u0105 i asekuracj\u0105 wskoczysz na wy\u017cszy poziom szyde\u0142kowania tak, aby po warsztatach m\u00f3c si\u0119gn\u0105\u0107 po wymarzone wzory.<\/p>\n\n\n\n<p>Po warsztatach udost\u0119pni\u0119 materia\u0142y dydaktyczne oraz w razie konieczno\u015bci doko\u0144czymy mandale on-line.<\/p>\n\n\n\n<p><strong>Dla kogo:<\/strong><\/p>\n\n\n\n<p>Warsztaty przeznaczone dla os\u00f3b doros\u0142ych, pocz\u0105tkuj\u0105cych, maj\u0105cych za sob\u0105 juz kilka prac (znajomo\u015b\u0107 podstaw szyde\u0142kowania, umiej\u0119tno\u015b\u0107 wykonywania prostych \u015bcieg\u00f3w ) oraz \u015brednio zaawansowanych.<\/p>\n\n\n\n<p><strong>Materia\u0142y:<\/strong>&nbsp;uczestnicy proszeni s\u0105 o zabranie szyde\u0142ek w rozmiarach 2,5\u20134,5 mm. W\u0142\u00f3czka i wz\u00f3r s\u0105 zapewnione. <\/p>\n\n\n\n<p>Ilo\u015b\u0107 miejsc: 10<\/p>\n\n\n\n<p>Nie mog\u0119 si\u0119 ju\u017c doczeka\u0107 naszych warsztat\u00f3w, do zobaczenia!<\/p>\n\n\n\n<p>Julita Janicka<br>Julitkowe Sprawki<\/p>\n\n\n\n<p>W\u0142\u00f3czk\u0119 zapewnia: <a href=\"https:\/\/www.facebook.com\/kamoniart\" data-type=\"link\" data-id=\"https:\/\/www.facebook.com\/kamoniart\">Kamotki<\/a><\/p>\n\n\n<noscript class=\"ninja-forms-noscript-message\">\n\tNotice: JavaScript is required for this content.<\/noscript>\n<p>Osi\u0105gni\u0119to limit uczestnik\u00f3w warsztat\u00f3w<\/p><noscript class=\"ninja-forms-noscript-message\">\n\tNotice: JavaScript is required for this content.<\/noscript>\n<p>Osi\u0105gni\u0119to limit uczestnik\u00f3w warsztat\u00f3w<\/p>","protected":false},"excerpt":{"rendered":"<p>21 marca 2026, Hala MOSiR, godz. 10:00 Marzysz o tym, aby si\u0119ga\u0107 po wymarzone wzory bez obaw, \u017ce sobie nie poradzisz?B\u0142\u0105dzisz? Prujesz? Nie mo\u017cesz odnale\u017a\u0107 si\u0119 w rob\u00f3tce? Nie wiesz jak wykona\u0107 trudniejsze sploty?Ju\u017c dzi\u015b zapisz si\u0119 na moje warsztaty z szyde\u0142kowania ze zrozumieniem:&nbsp; \u201eZakr\u0119\u0107 si\u0119 w Mandal\u0119 &#8211; tajemnice splot\u00f3w\u201d, &nbsp;a zobaczysz, o ile prostsze i milsze mog\u0105 by\u0107 chwile sp\u0119dzone przy szyde\u0142ku. Podczas dwugodzinnych warsztat\u00f3w nauczysz si\u0119: \u2013 szyde\u0142kowa\u0107 ze zrozumieniem,\u2013 czyta\u0107 schematy graficzne i dzierga\u0107 w okr\u0105\u017ceniach,\u2013 rozpoczynania, zamykania i przechodzenia oczkami \u015bcis\u0142ymi,\u2013 orientacji \u015bcieg\u00f3w we wzorze i rob\u00f3tce,\u2013 unikania b\u0142\u0119d\u00f3w i zb\u0119dnego prucia, &nbsp;\u2013 praktycznych rozwi\u0105za\u0144 i technik szyde\u0142kowania,\u2013 podzia\u0142u \u015bcieg\u00f3w i graficznych symboli szyde\u0142kowych,\u2013 anatomii \u015bcieg\u00f3w\u2013 doboru szyde\u0142ka i w\u0142\u00f3czki do projektu,\u2013 poprawnego napi\u0119cia w\u0142\u00f3czki,\u2013 blokowania rob\u00f3tki. &nbsp;A wszystko to przy akompaniamencie wzoru na pi\u0119kn\u0105 mandal\u0119, kt\u00f3r\u0105 wykonamy razem. Jednym s\u0142owem przeprowadz\u0119 Ci\u0119 za r\u0119k\u0119 przez mglisty i niezrozumia\u0142y \u015bwiat \u015bcieg\u00f3w i wzor\u00f3w. Z moj\u0105 pomoc\u0105 i asekuracj\u0105 wskoczysz na wy\u017cszy poziom szyde\u0142kowania tak, aby po warsztatach m\u00f3c si\u0119gn\u0105\u0107 po wymarzone wzory. Po warsztatach udost\u0119pni\u0119 materia\u0142y dydaktyczne oraz w razie konieczno\u015bci doko\u0144czymy mandale on-line. Dla kogo: Warsztaty przeznaczone dla os\u00f3b doros\u0142ych, pocz\u0105tkuj\u0105cych, maj\u0105cych za sob\u0105 juz kilka prac (znajomo\u015b\u0107 podstaw szyde\u0142kowania, umiej\u0119tno\u015b\u0107 wykonywania prostych \u015bcieg\u00f3w ) oraz \u015brednio zaawansowanych. Materia\u0142y:&nbsp;uczestnicy proszeni s\u0105 o zabranie szyde\u0142ek w rozmiarach 2,5\u20134,5 mm. W\u0142\u00f3czka i wz\u00f3r s\u0105 zapewnione. Ilo\u015b\u0107 miejsc: 10 Nie mog\u0119 si\u0119 ju\u017c doczeka\u0107 naszych warsztat\u00f3w, do zobaczenia! Julita JanickaJulitkowe Sprawki W\u0142\u00f3czk\u0119 zapewnia: Kamotki Notice: JavaScript is required for this content. Osi\u0105gni\u0119to limit uczestnik\u00f3w warsztat\u00f3w<\/p>\n","protected":false},"author":1,"featured_media":0,"parent":0,"menu_order":0,"comment_status":"closed","ping_status":"closed","template":"","meta":{"footnotes":""},"class_list":["post-175","page","type-page","status-publish","hentry"],"_links":{"self":[{"href":"https:\/\/heklafest.pl\/index.php?rest_route=\/wp\/v2\/pages\/175","targetHints":{"allow":["GET"]}}],"collection":[{"href":"https:\/\/heklafest.pl\/index.php?rest_route=\/wp\/v2\/pages"}],"about":[{"href":"https:\/\/heklafest.pl\/index.php?rest_route=\/wp\/v2\/types\/page"}],"author":[{"embeddable":true,"href":"https:\/\/heklafest.pl\/index.php?rest_route=\/wp\/v2\/users\/1"}],"replies":[{"embeddable":true,"href":"https:\/\/heklafest.pl\/index.php?rest_route=%2Fwp%2Fv2%2Fcomments&post=175"}],"version-history":[{"count":7,"href":"https:\/\/heklafest.pl\/index.php?rest_route=\/wp\/v2\/pages\/175\/revisions"}],"predecessor-version":[{"id":279,"href":"https:\/\/heklafest.pl\/index.php?rest_route=\/wp\/v2\/pages\/175\/revisions\/279"}],"wp:attachment":[{"href":"https:\/\/heklafest.pl\/index.php?rest_route=%2Fwp%2Fv2%2Fmedia&parent=175"}],"curies":[{"name":"wp","href":"https:\/\/api.w.org\/{rel}","templated":true}]}}