{"id":17,"date":"2025-11-08T05:41:16","date_gmt":"2025-11-08T04:41:16","guid":{"rendered":"http:\/\/heklafest.pl\/?page_id=17"},"modified":"2026-02-18T12:05:15","modified_gmt":"2026-02-18T11:05:15","slug":"wydarzenie","status":"publish","type":"page","link":"https:\/\/heklafest.pl\/?page_id=17","title":{"rendered":"Wydarzenie"},"content":{"rendered":"\n<figure class=\"wp-block-image size-large\"><img loading=\"lazy\" decoding=\"async\" width=\"724\" height=\"1024\" src=\"http:\/\/heklafest.pl\/wp-content\/uploads\/2026\/02\/targi-wloczki-i-rekodziela-8-724x1024.png\" alt=\"\" class=\"wp-image-213\" srcset=\"https:\/\/heklafest.pl\/wp-content\/uploads\/2026\/02\/targi-wloczki-i-rekodziela-8-724x1024.png 724w, https:\/\/heklafest.pl\/wp-content\/uploads\/2026\/02\/targi-wloczki-i-rekodziela-8-212x300.png 212w, https:\/\/heklafest.pl\/wp-content\/uploads\/2026\/02\/targi-wloczki-i-rekodziela-8-768x1086.png 768w, https:\/\/heklafest.pl\/wp-content\/uploads\/2026\/02\/targi-wloczki-i-rekodziela-8-1086x1536.png 1086w, https:\/\/heklafest.pl\/wp-content\/uploads\/2026\/02\/targi-wloczki-i-rekodziela-8-1140x1612.png 1140w, https:\/\/heklafest.pl\/wp-content\/uploads\/2026\/02\/targi-wloczki-i-rekodziela-8.png 1414w\" sizes=\"auto, (max-width: 724px) 100vw, 724px\" \/><\/figure>\n\n\n\n<p>Przestrze\u0144 spotka\u0144, inspiracji i tw\u00f3rczej wsp\u00f3\u0142pracy, z warsztatami, prezentacjami r\u0119kodzie\u0142a oraz akcesori\u00f3w dziewiarskich, w\u0142\u00f3czek i motk\u00f3w, stref\u0105 rozm\u00f3w i wywiad\u00f3w z r\u0119kodzielnikami.<\/p>\n\n\n\n<p><img loading=\"lazy\" decoding=\"async\" height=\"16\" width=\"16\" alt=\"\ud83d\udccd\" src=\"https:\/\/static.xx.fbcdn.net\/images\/emoji.php\/v9\/t2d\/1\/16\/1f4cd.png\">&nbsp;LOKALIZACJA<br>Hala MOSiR \u0141aziska G\u00f3rne, ul. Ogrodowa 50<br><img loading=\"lazy\" decoding=\"async\" height=\"16\" width=\"16\" alt=\"\ud83d\udcc5\" src=\"https:\/\/static.xx.fbcdn.net\/images\/emoji.php\/v9\/t7e\/1\/16\/1f4c5.png\">&nbsp;SZCZEG\u00d3\u0141Y:<br>KIEDY&nbsp;<img loading=\"lazy\" decoding=\"async\" height=\"16\" width=\"16\" alt=\"\u27a1\" src=\"https:\/\/static.xx.fbcdn.net\/images\/emoji.php\/v9\/t9e\/1\/16\/27a1.png\">&nbsp;21 marca 2026 r.<br>START&nbsp;<img loading=\"lazy\" decoding=\"async\" height=\"16\" width=\"16\" alt=\"\u27a1\" src=\"https:\/\/static.xx.fbcdn.net\/images\/emoji.php\/v9\/t9e\/1\/16\/27a1.png\">&nbsp;10:00<br>KONIEC&nbsp;<img loading=\"lazy\" decoding=\"async\" height=\"16\" width=\"16\" alt=\"\u27a1\" src=\"https:\/\/static.xx.fbcdn.net\/images\/emoji.php\/v9\/t9e\/1\/16\/27a1.png\">&nbsp;18:00<\/p>\n\n\n\n<figure class=\"wp-block-image size-large\"><img loading=\"lazy\" decoding=\"async\" width=\"724\" height=\"1024\" src=\"http:\/\/heklafest.pl\/wp-content\/uploads\/2026\/02\/targi-wloczki-i-rekodziela-9-724x1024.png\" alt=\"\" class=\"wp-image-218\" srcset=\"https:\/\/heklafest.pl\/wp-content\/uploads\/2026\/02\/targi-wloczki-i-rekodziela-9-724x1024.png 724w, https:\/\/heklafest.pl\/wp-content\/uploads\/2026\/02\/targi-wloczki-i-rekodziela-9-212x300.png 212w, https:\/\/heklafest.pl\/wp-content\/uploads\/2026\/02\/targi-wloczki-i-rekodziela-9-768x1086.png 768w, https:\/\/heklafest.pl\/wp-content\/uploads\/2026\/02\/targi-wloczki-i-rekodziela-9-1086x1536.png 1086w, https:\/\/heklafest.pl\/wp-content\/uploads\/2026\/02\/targi-wloczki-i-rekodziela-9-1140x1612.png 1140w, https:\/\/heklafest.pl\/wp-content\/uploads\/2026\/02\/targi-wloczki-i-rekodziela-9.png 1414w\" sizes=\"auto, (max-width: 724px) 100vw, 724px\" \/><\/figure>\n\n\n\n<p>Strefa Rozm\u00f3w:<\/p>\n\n\n\n<p>12:30  Julita Janicka &#8220;Julitkowe Sprawki&#8221;, Joanna Mi\u015b &#8220;Szyde\u0142k.Asia&#8221;<\/p>\n\n\n\n<p>13:45 Izabela Jagosz &#8220;La Gosh My Passion&#8221;<\/p>\n\n\n\n<p>15:00 SOR Dziewiarski &#8211; Ewelina Czempik<\/p>\n\n\n\n<p><strong>Wi\u0119cej szczeg\u00f3\u0142\u00f3w wkr\u00f3tce!<\/strong><\/p>\n\n\n\n<p>Inicjatywa \u201eHekla Fest&#8221; jest realizowana w ramach projektu \u201eTransformacja na terenie Miasta \u0141aziska G\u00f3rne\u201d wsp\u00f3\u0142finansowanego przez Uni\u0119 Europejsk\u0105 w ramach Funduszy Europejskich dla \u015al\u0105skiego 2021-2027 (Fundusz na rzecz Sprawiedliwej Transformacji), dla Priorytetu: FESL.10.00-Fundusze Europejskie na transformacj\u0119, dla Dzia\u0142ania: FESL.10.24 W\u0142\u0105czenie spo\u0142eczne &#8211; wzmocnienie procesu sprawiedliwej transformacji.\u201d oraz umieszczenia logotyp\u00f3w zgodnie z Podr\u0119cznikiem wnioskodawcy i beneficjenta Funduszy Europejskich na lata 2021-2027 w zakresie informacji i promocji.<\/p>\n\n\n\n<p><a href=\"https:\/\/www.facebook.com\/hashtag\/funduszeue?__eep__=6&amp;__cft__[0]=AZWNNVPUgxXlDziaENgf4zHDCsaEeqCt6xFt1P10ugxq4MqG0rNlQlS_OQR_QjqlgMA9_dooNYHb_7OJde_G7RinLSXfcGicu8h5ywtHjLZOw0z3sl8M54zqaRajN4x8FtojS-_hz-qxC6mGIexu54nj&amp;__tn__=q\">#FunduszeUE<\/a>&nbsp;<a href=\"https:\/\/www.facebook.com\/hashtag\/funduszeeuropejskie?__eep__=6&amp;__cft__[0]=AZWNNVPUgxXlDziaENgf4zHDCsaEeqCt6xFt1P10ugxq4MqG0rNlQlS_OQR_QjqlgMA9_dooNYHb_7OJde_G7RinLSXfcGicu8h5ywtHjLZOw0z3sl8M54zqaRajN4x8FtojS-_hz-qxC6mGIexu54nj&amp;__tn__=q\">#FunduszeEuropejskie<\/a><\/p>\n","protected":false},"excerpt":{"rendered":"<p>Przestrze\u0144 spotka\u0144, inspiracji i tw\u00f3rczej wsp\u00f3\u0142pracy, z warsztatami, prezentacjami r\u0119kodzie\u0142a oraz akcesori\u00f3w dziewiarskich, w\u0142\u00f3czek i motk\u00f3w, stref\u0105 rozm\u00f3w i wywiad\u00f3w z r\u0119kodzielnikami. &nbsp;LOKALIZACJAHala MOSiR \u0141aziska G\u00f3rne, ul. Ogrodowa 50&nbsp;SZCZEG\u00d3\u0141Y:KIEDY&nbsp;&nbsp;21 marca 2026 r.START&nbsp;&nbsp;10:00KONIEC&nbsp;&nbsp;18:00 Strefa Rozm\u00f3w: 12:30 Julita Janicka &#8220;Julitkowe Sprawki&#8221;, Joanna Mi\u015b &#8220;Szyde\u0142k.Asia&#8221; 13:45 Izabela Jagosz &#8220;La Gosh My Passion&#8221; 15:00 SOR Dziewiarski &#8211; Ewelina Czempik Wi\u0119cej szczeg\u00f3\u0142\u00f3w wkr\u00f3tce! Inicjatywa \u201eHekla Fest&#8221; jest realizowana w ramach projektu \u201eTransformacja na terenie Miasta \u0141aziska G\u00f3rne\u201d wsp\u00f3\u0142finansowanego przez Uni\u0119 Europejsk\u0105 w ramach Funduszy Europejskich dla \u015al\u0105skiego 2021-2027 (Fundusz na rzecz Sprawiedliwej Transformacji), dla Priorytetu: FESL.10.00-Fundusze Europejskie na transformacj\u0119, dla Dzia\u0142ania: FESL.10.24 W\u0142\u0105czenie spo\u0142eczne &#8211; wzmocnienie procesu sprawiedliwej transformacji.\u201d oraz umieszczenia logotyp\u00f3w zgodnie z Podr\u0119cznikiem wnioskodawcy i beneficjenta Funduszy Europejskich na lata 2021-2027 w zakresie informacji i promocji. #FunduszeUE&nbsp;#FunduszeEuropejskie<\/p>\n","protected":false},"author":1,"featured_media":0,"parent":0,"menu_order":0,"comment_status":"closed","ping_status":"closed","template":"","meta":{"footnotes":""},"class_list":["post-17","page","type-page","status-publish","hentry"],"_links":{"self":[{"href":"https:\/\/heklafest.pl\/index.php?rest_route=\/wp\/v2\/pages\/17","targetHints":{"allow":["GET"]}}],"collection":[{"href":"https:\/\/heklafest.pl\/index.php?rest_route=\/wp\/v2\/pages"}],"about":[{"href":"https:\/\/heklafest.pl\/index.php?rest_route=\/wp\/v2\/types\/page"}],"author":[{"embeddable":true,"href":"https:\/\/heklafest.pl\/index.php?rest_route=\/wp\/v2\/users\/1"}],"replies":[{"embeddable":true,"href":"https:\/\/heklafest.pl\/index.php?rest_route=%2Fwp%2Fv2%2Fcomments&post=17"}],"version-history":[{"count":6,"href":"https:\/\/heklafest.pl\/index.php?rest_route=\/wp\/v2\/pages\/17\/revisions"}],"predecessor-version":[{"id":219,"href":"https:\/\/heklafest.pl\/index.php?rest_route=\/wp\/v2\/pages\/17\/revisions\/219"}],"wp:attachment":[{"href":"https:\/\/heklafest.pl\/index.php?rest_route=%2Fwp%2Fv2%2Fmedia&parent=17"}],"curies":[{"name":"wp","href":"https:\/\/api.w.org\/{rel}","templated":true}]}}