{"id":245,"date":"2026-02-28T10:05:35","date_gmt":"2026-02-28T09:05:35","guid":{"rendered":"http:\/\/heklafest.pl\/?page_id=245"},"modified":"2026-03-02T08:59:56","modified_gmt":"2026-03-02T07:59:56","slug":"torebka-wykonana-na-szydelku-dla-znajacych-podstawy","status":"publish","type":"page","link":"http:\/\/heklafest.pl\/?page_id=245","title":{"rendered":"Torebka wykonana na szyde\u0142ku dla znaj\u0105cych podstawy"},"content":{"rendered":"\n<p>21 marca 2026, Hala MOSiR, godz. 15:00<\/p>\n\n\n\n<p>Marzysz o tym, aby stworzy\u0107 w\u0142asn\u0105 torebk\u0119 na szyde\u0142ku i mie\u0107 pewno\u015b\u0107, \u017ce poradzisz sobie z ka\u017cdym etapem pracy?<\/p>\n\n\n\n<figure class=\"wp-block-image size-full\"><img loading=\"lazy\" decoding=\"async\" width=\"940\" height=\"788\" src=\"http:\/\/heklafest.pl\/wp-content\/uploads\/2026\/02\/targi-wloczki-i-rekodziela-2.png\" alt=\"\" class=\"wp-image-239\" srcset=\"http:\/\/heklafest.pl\/wp-content\/uploads\/2026\/02\/targi-wloczki-i-rekodziela-2.png 940w, http:\/\/heklafest.pl\/wp-content\/uploads\/2026\/02\/targi-wloczki-i-rekodziela-2-300x251.png 300w, http:\/\/heklafest.pl\/wp-content\/uploads\/2026\/02\/targi-wloczki-i-rekodziela-2-768x644.png 768w\" sizes=\"auto, (max-width: 940px) 100vw, 940px\" \/><\/figure>\n\n\n\n<p>Znasz podstawy, ale czasem co\u015b nie wychodzi?<br>Gubisz si\u0119 w schemacie?<br>Chcesz dopracowa\u0107 technik\u0119 i nabra\u0107 swobody w pracy z w\u0142\u00f3czk\u0105?<\/p>\n\n\n\n<p>Ju\u017c dzi\u015b zapisz si\u0119 na warsztaty \u201eTorebka wykonana na szyde\u0142ku dla znaj\u0105cych podstawy\u201d!<\/p>\n\n\n\n<p>Podczas spotkania krok po kroku wykonasz stylow\u0105, praktyczn\u0105 torebk\u0119, a przy okazji:<br>\u2013 utrwalisz podstawowe sploty,<br>\u2013 poznasz wskaz\u00f3wki, kt\u00f3re u\u0142atwi\u0105 Ci dalsze samodzielne projekty.<\/p>\n\n\n\n<p>Pracujemy w kameralnej grupie \u2013 tylko 10 os\u00f3b, dzi\u0119ki czemu ka\u017cda uczestniczka otrzyma indywidualne wsparcie.<\/p>\n\n\n\n<p>Co nale\u017cy zabra\u0107?<br>Swoje szyde\u0142ko w rozmiarze 3 i 4.<br>Pozosta\u0142e materia\u0142y zapewniamy na miejscu.<\/p>\n\n\n\n<p>Nie odk\u0142adaj swoich szyde\u0142kowych plan\u00f3w na p\u00f3\u017aniej \u2013 do\u0142\u0105cz do nas i stw\u00f3rz co\u015b wyj\u0105tkowego w\u0142asnymi r\u0119kami.<\/p>\n\n\n\n<p>Do zobaczenia przy wsp\u00f3lnej rob\u00f3tce!<\/p>\n\n\n\n<p>Ilo\u015b\u0107 miejsc: 10<\/p>\n\n\n<noscript class=\"ninja-forms-noscript-message\">\n\tNotice: JavaScript is required for this content.<\/noscript>\n<p>Osi\u0105gni\u0119to limit uczestnik\u00f3w warsztat\u00f3w<\/p>","protected":false},"excerpt":{"rendered":"<p>21 marca 2026, Hala MOSiR, godz. 15:00 Marzysz o tym, aby stworzy\u0107 w\u0142asn\u0105 torebk\u0119 na szyde\u0142ku i mie\u0107 pewno\u015b\u0107, \u017ce poradzisz sobie z ka\u017cdym etapem pracy? Znasz podstawy, ale czasem co\u015b nie wychodzi?Gubisz si\u0119 w schemacie?Chcesz dopracowa\u0107 technik\u0119 i nabra\u0107 swobody w pracy z w\u0142\u00f3czk\u0105? Ju\u017c dzi\u015b zapisz si\u0119 na warsztaty \u201eTorebka wykonana na szyde\u0142ku dla znaj\u0105cych podstawy\u201d! Podczas spotkania krok po kroku wykonasz stylow\u0105, praktyczn\u0105 torebk\u0119, a przy okazji:\u2013 utrwalisz podstawowe sploty,\u2013 poznasz wskaz\u00f3wki, kt\u00f3re u\u0142atwi\u0105 Ci dalsze samodzielne projekty. Pracujemy w kameralnej grupie \u2013 tylko 10 os\u00f3b, dzi\u0119ki czemu ka\u017cda uczestniczka otrzyma indywidualne wsparcie. Co nale\u017cy zabra\u0107?Swoje szyde\u0142ko w rozmiarze 3 i 4.Pozosta\u0142e materia\u0142y zapewniamy na miejscu. Nie odk\u0142adaj swoich szyde\u0142kowych plan\u00f3w na p\u00f3\u017aniej \u2013 do\u0142\u0105cz do nas i stw\u00f3rz co\u015b wyj\u0105tkowego w\u0142asnymi r\u0119kami. Do zobaczenia przy wsp\u00f3lnej rob\u00f3tce! Ilo\u015b\u0107 miejsc: 10<\/p>\n","protected":false},"author":1,"featured_media":0,"parent":0,"menu_order":0,"comment_status":"closed","ping_status":"closed","template":"","meta":{"footnotes":""},"class_list":["post-245","page","type-page","status-publish","hentry"],"_links":{"self":[{"href":"http:\/\/heklafest.pl\/index.php?rest_route=\/wp\/v2\/pages\/245","targetHints":{"allow":["GET"]}}],"collection":[{"href":"http:\/\/heklafest.pl\/index.php?rest_route=\/wp\/v2\/pages"}],"about":[{"href":"http:\/\/heklafest.pl\/index.php?rest_route=\/wp\/v2\/types\/page"}],"author":[{"embeddable":true,"href":"http:\/\/heklafest.pl\/index.php?rest_route=\/wp\/v2\/users\/1"}],"replies":[{"embeddable":true,"href":"http:\/\/heklafest.pl\/index.php?rest_route=%2Fwp%2Fv2%2Fcomments&post=245"}],"version-history":[{"count":6,"href":"http:\/\/heklafest.pl\/index.php?rest_route=\/wp\/v2\/pages\/245\/revisions"}],"predecessor-version":[{"id":277,"href":"http:\/\/heklafest.pl\/index.php?rest_route=\/wp\/v2\/pages\/245\/revisions\/277"}],"wp:attachment":[{"href":"http:\/\/heklafest.pl\/index.php?rest_route=%2Fwp%2Fv2%2Fmedia&parent=245"}],"curies":[{"name":"wp","href":"https:\/\/api.w.org\/{rel}","templated":true}]}}