{"id":224,"date":"2026-02-28T10:07:46","date_gmt":"2026-02-28T09:07:46","guid":{"rendered":"http:\/\/heklafest.pl\/?page_id=224"},"modified":"2026-03-02T08:59:49","modified_gmt":"2026-03-02T07:59:49","slug":"warsztaty-nauki-robienia-na-drutach-dla-poczatkujacych-prawe-i-lewe-oczka","status":"publish","type":"page","link":"http:\/\/heklafest.pl\/?page_id=224","title":{"rendered":"Warsztaty nauki robienia na drutach dla pocz\u0105tkuj\u0105cych \u2013 prawe i lewe oczka"},"content":{"rendered":"\n<p>21 marca 2026, Hala MOSiR, godz. 12:30<\/p>\n\n\n\n<p>Marzysz o tym, \u017ceby nauczy\u0107 si\u0119 robi\u0107 na drutach, ale nie wiesz, od czego zacz\u0105\u0107? <\/p>\n\n\n\n<p>A mo\u017ce druty ju\u017c kiedy\u015b by\u0142y w Twoich r\u0119kach, ale\u2026 szybko si\u0119 podda\u0142e\u015b\/a\u015b? <img loading=\"lazy\" decoding=\"async\" height=\"16\" width=\"16\" src=\"https:\/\/static.xx.fbcdn.net\/images\/emoji.php\/v9\/td2\/1\/16\/1f604.png\" alt=\"\ud83d\ude04\"> <\/p>\n\n\n\n<p>Zapraszamy na kameralne, spokojne warsztaty dla zupe\u0142nie pocz\u0105tkuj\u0105cych \u2013 bez stresu, bez po\u015bpiechu, za to z du\u017c\u0105 dawk\u0105 cierpliwo\u015bci i dobrego humoru! <\/p>\n\n\n\n<figure class=\"wp-block-image size-full\"><img loading=\"lazy\" decoding=\"async\" width=\"940\" height=\"788\" src=\"http:\/\/heklafest.pl\/wp-content\/uploads\/2026\/02\/targi-wloczki-i-rekodziela.png\" alt=\"\" class=\"wp-image-233\" srcset=\"http:\/\/heklafest.pl\/wp-content\/uploads\/2026\/02\/targi-wloczki-i-rekodziela.png 940w, http:\/\/heklafest.pl\/wp-content\/uploads\/2026\/02\/targi-wloczki-i-rekodziela-300x251.png 300w, http:\/\/heklafest.pl\/wp-content\/uploads\/2026\/02\/targi-wloczki-i-rekodziela-768x644.png 768w\" sizes=\"auto, (max-width: 940px) 100vw, 940px\" \/><\/figure>\n\n\n\n<p>Podczas spotkania: <\/p>\n\n\n\n<p><img loading=\"lazy\" decoding=\"async\" height=\"16\" width=\"16\" src=\"https:\/\/static.xx.fbcdn.net\/images\/emoji.php\/v9\/tf4\/1\/16\/2728.png\" alt=\"\u2728\"> poka\u017cemy krok po kroku, jak trzyma\u0107 druty i w\u0142\u00f3czk\u0119 <\/p>\n\n\n\n<p><img loading=\"lazy\" decoding=\"async\" height=\"16\" width=\"16\" src=\"https:\/\/static.xx.fbcdn.net\/images\/emoji.php\/v9\/tf4\/1\/16\/2728.png\" alt=\"\u2728\"> nauczysz si\u0119 podstawowych \u015bcieg\u00f3w: prawe i lewe oczka <\/p>\n\n\n\n<p><img loading=\"lazy\" decoding=\"async\" height=\"16\" width=\"16\" src=\"https:\/\/static.xx.fbcdn.net\/images\/emoji.php\/v9\/tf4\/1\/16\/2728.png\" alt=\"\u2728\"> dowiesz si\u0119, jak zacz\u0105\u0107 rob\u00f3tk\u0119 i jak j\u0105 zako\u0144czy\u0107 <\/p>\n\n\n\n<p><img loading=\"lazy\" decoding=\"async\" height=\"16\" width=\"16\" src=\"https:\/\/static.xx.fbcdn.net\/images\/emoji.php\/v9\/tf4\/1\/16\/2728.png\" alt=\"\u2728\"> wykonasz swoj\u0105 pierwsz\u0105 pr\u00f3bk\u0119 \u015bciegiem jerseyowym \u2013 a ch\u0119tni stworz\u0105 ma\u0142\u0105 opask\u0119 na g\u0142ow\u0119 <\/p>\n\n\n\n<p><\/p>\n\n\n\n<p>Nie musisz mie\u0107 \u017cadnego do\u015bwiadczenia \u2013 wystarcz\u0105 ch\u0119ci i ciekawo\u015b\u0107. <\/p>\n\n\n\n<p>Zapewniamy przyjazn\u0105 atmosfer\u0119, wsparcie na ka\u017cdym etapie i satysfakcj\u0119 z pierwszych w\u0142asnor\u0119cznie wykonanych oczek <img loading=\"lazy\" decoding=\"async\" height=\"16\" width=\"16\" src=\"https:\/\/static.xx.fbcdn.net\/images\/emoji.php\/v9\/ta0\/1\/16\/1f9f5.png\" alt=\"\ud83e\uddf5\"><img loading=\"lazy\" decoding=\"async\" height=\"16\" width=\"16\" src=\"https:\/\/static.xx.fbcdn.net\/images\/emoji.php\/v9\/t15\/1\/16\/1f49b.png\" alt=\"\ud83d\udc9b\"> <\/p>\n\n\n\n<p>Przyjd\u017a, zwolnij na chwil\u0119, naucz si\u0119 czego\u015b nowego i odkryj, jak relaksuj\u0105ce potrafi by\u0107 dzierganie. Uwaga: warsztaty mog\u0105 uzale\u017cnia\u0107 \u2013 od drut\u00f3w ju\u017c si\u0119 nie ucieknie <img loading=\"lazy\" decoding=\"async\" height=\"16\" width=\"16\" src=\"https:\/\/static.xx.fbcdn.net\/images\/emoji.php\/v9\/t57\/1\/16\/1f609.png\" alt=\"\ud83d\ude09\"><\/p>\n\n\n\n<p><strong>Materia\u0142y:<\/strong>&nbsp;uczestnicy proszeni s\u0105 o zabranie drut\u00f3w z \u017cy\u0142k\u0105 w rozmiarze 4 mm. W\u0142\u00f3czka i wz\u00f3r s\u0105 zapewnione.<\/p>\n\n\n\n<p>Ilo\u015b\u0107 miejsc: 10<\/p>\n\n\n\n<p>W\u0142\u00f3czk\u0119 zapewni: <a href=\"http:\/\/www.miladruciarnia.pl\">Mila Druciarnia<\/a><\/p>\n\n\n<noscript class=\"ninja-forms-noscript-message\">\n\tNotice: JavaScript is required for this content.<\/noscript>\n<p>Osi\u0105gni\u0119to limit uczestnik\u00f3w warsztat\u00f3w<\/p>","protected":false},"excerpt":{"rendered":"<p>21 marca 2026, Hala MOSiR, godz. 12:30 Marzysz o tym, \u017ceby nauczy\u0107 si\u0119 robi\u0107 na drutach, ale nie wiesz, od czego zacz\u0105\u0107? A mo\u017ce druty ju\u017c kiedy\u015b by\u0142y w Twoich r\u0119kach, ale\u2026 szybko si\u0119 podda\u0142e\u015b\/a\u015b? Zapraszamy na kameralne, spokojne warsztaty dla zupe\u0142nie pocz\u0105tkuj\u0105cych \u2013 bez stresu, bez po\u015bpiechu, za to z du\u017c\u0105 dawk\u0105 cierpliwo\u015bci i dobrego humoru! Podczas spotkania: poka\u017cemy krok po kroku, jak trzyma\u0107 druty i w\u0142\u00f3czk\u0119 nauczysz si\u0119 podstawowych \u015bcieg\u00f3w: prawe i lewe oczka dowiesz si\u0119, jak zacz\u0105\u0107 rob\u00f3tk\u0119 i jak j\u0105 zako\u0144czy\u0107 wykonasz swoj\u0105 pierwsz\u0105 pr\u00f3bk\u0119 \u015bciegiem jerseyowym \u2013 a ch\u0119tni stworz\u0105 ma\u0142\u0105 opask\u0119 na g\u0142ow\u0119 Nie musisz mie\u0107 \u017cadnego do\u015bwiadczenia \u2013 wystarcz\u0105 ch\u0119ci i ciekawo\u015b\u0107. Zapewniamy przyjazn\u0105 atmosfer\u0119, wsparcie na ka\u017cdym etapie i satysfakcj\u0119 z pierwszych w\u0142asnor\u0119cznie wykonanych oczek Przyjd\u017a, zwolnij na chwil\u0119, naucz si\u0119 czego\u015b nowego i odkryj, jak relaksuj\u0105ce potrafi by\u0107 dzierganie. Uwaga: warsztaty mog\u0105 uzale\u017cnia\u0107 \u2013 od drut\u00f3w ju\u017c si\u0119 nie ucieknie Materia\u0142y:&nbsp;uczestnicy proszeni s\u0105 o zabranie drut\u00f3w z \u017cy\u0142k\u0105 w rozmiarze 4 mm. W\u0142\u00f3czka i wz\u00f3r s\u0105 zapewnione. Ilo\u015b\u0107 miejsc: 10 W\u0142\u00f3czk\u0119 zapewni: Mila Druciarnia<\/p>\n","protected":false},"author":1,"featured_media":0,"parent":0,"menu_order":0,"comment_status":"closed","ping_status":"closed","template":"","meta":{"footnotes":""},"class_list":["post-224","page","type-page","status-publish","hentry"],"_links":{"self":[{"href":"http:\/\/heklafest.pl\/index.php?rest_route=\/wp\/v2\/pages\/224","targetHints":{"allow":["GET"]}}],"collection":[{"href":"http:\/\/heklafest.pl\/index.php?rest_route=\/wp\/v2\/pages"}],"about":[{"href":"http:\/\/heklafest.pl\/index.php?rest_route=\/wp\/v2\/types\/page"}],"author":[{"embeddable":true,"href":"http:\/\/heklafest.pl\/index.php?rest_route=\/wp\/v2\/users\/1"}],"replies":[{"embeddable":true,"href":"http:\/\/heklafest.pl\/index.php?rest_route=%2Fwp%2Fv2%2Fcomments&post=224"}],"version-history":[{"count":9,"href":"http:\/\/heklafest.pl\/index.php?rest_route=\/wp\/v2\/pages\/224\/revisions"}],"predecessor-version":[{"id":275,"href":"http:\/\/heklafest.pl\/index.php?rest_route=\/wp\/v2\/pages\/224\/revisions\/275"}],"wp:attachment":[{"href":"http:\/\/heklafest.pl\/index.php?rest_route=%2Fwp%2Fv2%2Fmedia&parent=224"}],"curies":[{"name":"wp","href":"https:\/\/api.w.org\/{rel}","templated":true}]}}