{"id":184,"date":"2026-02-28T10:06:51","date_gmt":"2026-02-28T09:06:51","guid":{"rendered":"http:\/\/heklafest.pl\/?page_id=184"},"modified":"2026-03-02T08:59:59","modified_gmt":"2026-03-02T07:59:59","slug":"haft-obraz-kompozycja-z-kwiatow","status":"publish","type":"page","link":"http:\/\/heklafest.pl\/?page_id=184","title":{"rendered":"Haft: obraz, kompozycja z kwiat\u00f3w"},"content":{"rendered":"\n<p>21 marca 2026, Hala MOSiR, godz. 15:00<\/p>\n\n\n\n<figure class=\"wp-block-image size-large is-resized\"><img loading=\"lazy\" decoding=\"async\" width=\"768\" height=\"1024\" src=\"http:\/\/heklafest.pl\/wp-content\/uploads\/2026\/02\/IMG_5165-768x1024.jpeg\" alt=\"\" class=\"wp-image-220\" style=\"width:500px\" srcset=\"http:\/\/heklafest.pl\/wp-content\/uploads\/2026\/02\/IMG_5165-768x1024.jpeg 768w, http:\/\/heklafest.pl\/wp-content\/uploads\/2026\/02\/IMG_5165-225x300.jpeg 225w, http:\/\/heklafest.pl\/wp-content\/uploads\/2026\/02\/IMG_5165-1152x1536.jpeg 1152w, http:\/\/heklafest.pl\/wp-content\/uploads\/2026\/02\/IMG_5165-1536x2048.jpeg 1536w, http:\/\/heklafest.pl\/wp-content\/uploads\/2026\/02\/IMG_5165-1140x1520.jpeg 1140w, http:\/\/heklafest.pl\/wp-content\/uploads\/2026\/02\/IMG_5165-scaled.jpeg 1920w\" sizes=\"auto, (max-width: 768px) 100vw, 768px\" \/><\/figure>\n\n\n\n<p>Warsztaty s\u0105 dla wszystkich mi\u0142o\u015bnik\u00f3w r\u0119kodzie\u0142a, niezale\u017cnie od p\u0142ci. Warsztaty s\u0105 idealne dla pocz\u0105tkuj\u0105cych, ale r\u00f3wnie\u017c dla os\u00f3b kt\u00f3re chc\u0105 sobie przypomnie\u0107 r\u00f3\u017cne techniki. Podczas spotkania nauczymy si\u0119: przygotowania materia\u0142\u00f3w do pracy, podstawowych \u015bcieg\u00f3w, dzi\u0119ki kt\u00f3rym wyszyjemy r\u00f3\u017cne rodzaje kwiat\u00f3w i li\u015bci. Na koniec ka\u017cdy uczestnik otrzyma pi\u0119kny, wyhaftowany w\u0142asnor\u0119cznie wz\u00f3r kwiatowy i wiedz\u0119, dzi\u0119ki kt\u00f3rej w przysz\u0142o\u015bci b\u0119dzie m\u00f3g\u0142 samodzielnie tworzy\u0107 kolejne haftowane dzie\u0142a.<\/p>\n\n\n\n<p>Ilo\u015b\u0107 miejsc: 10<\/p>\n\n\n<noscript class=\"ninja-forms-noscript-message\">\n\tNotice: JavaScript is required for this content.<\/noscript>\n<p>Osi\u0105gni\u0119to limit uczestnik\u00f3w warsztat\u00f3w<\/p>","protected":false},"excerpt":{"rendered":"<p>21 marca 2026, Hala MOSiR, godz. 15:00 Warsztaty s\u0105 dla wszystkich mi\u0142o\u015bnik\u00f3w r\u0119kodzie\u0142a, niezale\u017cnie od p\u0142ci. Warsztaty s\u0105 idealne dla pocz\u0105tkuj\u0105cych, ale r\u00f3wnie\u017c dla os\u00f3b kt\u00f3re chc\u0105 sobie przypomnie\u0107 r\u00f3\u017cne techniki. Podczas spotkania nauczymy si\u0119: przygotowania materia\u0142\u00f3w do pracy, podstawowych \u015bcieg\u00f3w, dzi\u0119ki kt\u00f3rym wyszyjemy r\u00f3\u017cne rodzaje kwiat\u00f3w i li\u015bci. Na koniec ka\u017cdy uczestnik otrzyma pi\u0119kny, wyhaftowany w\u0142asnor\u0119cznie wz\u00f3r kwiatowy i wiedz\u0119, dzi\u0119ki kt\u00f3rej w przysz\u0142o\u015bci b\u0119dzie m\u00f3g\u0142 samodzielnie tworzy\u0107 kolejne haftowane dzie\u0142a. Ilo\u015b\u0107 miejsc: 10<\/p>\n","protected":false},"author":1,"featured_media":0,"parent":0,"menu_order":0,"comment_status":"closed","ping_status":"closed","template":"","meta":{"footnotes":""},"class_list":["post-184","page","type-page","status-publish","hentry"],"_links":{"self":[{"href":"http:\/\/heklafest.pl\/index.php?rest_route=\/wp\/v2\/pages\/184","targetHints":{"allow":["GET"]}}],"collection":[{"href":"http:\/\/heklafest.pl\/index.php?rest_route=\/wp\/v2\/pages"}],"about":[{"href":"http:\/\/heklafest.pl\/index.php?rest_route=\/wp\/v2\/types\/page"}],"author":[{"embeddable":true,"href":"http:\/\/heklafest.pl\/index.php?rest_route=\/wp\/v2\/users\/1"}],"replies":[{"embeddable":true,"href":"http:\/\/heklafest.pl\/index.php?rest_route=%2Fwp%2Fv2%2Fcomments&post=184"}],"version-history":[{"count":8,"href":"http:\/\/heklafest.pl\/index.php?rest_route=\/wp\/v2\/pages\/184\/revisions"}],"predecessor-version":[{"id":278,"href":"http:\/\/heklafest.pl\/index.php?rest_route=\/wp\/v2\/pages\/184\/revisions\/278"}],"wp:attachment":[{"href":"http:\/\/heklafest.pl\/index.php?rest_route=%2Fwp%2Fv2%2Fmedia&parent=184"}],"curies":[{"name":"wp","href":"https:\/\/api.w.org\/{rel}","templated":true}]}}